{"id":32,"date":"2025-10-21T12:49:08","date_gmt":"2025-10-21T12:49:08","guid":{"rendered":"https:\/\/reynaerts-kilian.icca-reims.fr\/?page_id=32"},"modified":"2025-10-23T09:24:11","modified_gmt":"2025-10-23T09:24:11","slug":"nos-offres","status":"publish","type":"page","link":"https:\/\/reynaerts-kilian.icca-reims.fr\/?page_id=32","title":{"rendered":"Nos Offres"},"content":{"rendered":"\t\t<div data-elementor-type=\"wp-page\" data-elementor-id=\"32\" class=\"elementor elementor-32\" data-elementor-post-type=\"page\">\n\t\t\t\t<div class=\"elementor-element elementor-element-4a28888 e-flex e-con-boxed e-con e-parent\" data-id=\"4a28888\" data-element_type=\"container\" data-settings=\"{&quot;background_background&quot;:&quot;classic&quot;}\">\n\t\t\t\t\t<div class=\"e-con-inner\">\n\t\t<div class=\"elementor-element elementor-element-d993a23 e-con-full e-flex e-con e-child\" data-id=\"d993a23\" data-element_type=\"container\">\n\t\t\t\t<\/div>\n\t\t<div class=\"elementor-element elementor-element-d897b6d e-con-full e-flex e-con e-child\" data-id=\"d897b6d\" data-element_type=\"container\">\n\t\t\t\t<div class=\"elementor-element elementor-element-a0c45a3 elementor-widget elementor-widget-heading\" data-id=\"a0c45a3\" data-element_type=\"widget\" data-widget_type=\"heading.default\">\n\t\t\t\t\t<h2 class=\"elementor-heading-title elementor-size-default\">NOS OFFRES<\/h2>\t\t\t\t<\/div>\n\t\t\t\t<\/div>\n\t\t<div class=\"elementor-element elementor-element-222b85d e-con-full e-flex e-con e-child\" data-id=\"222b85d\" data-element_type=\"container\">\n\t\t\t\t<\/div>\n\t\t<div class=\"elementor-element elementor-element-fceaf80 e-con-full e-flex e-con e-child\" data-id=\"fceaf80\" data-element_type=\"container\">\n\t\t\t\t<div class=\"elementor-element elementor-element-9127495 elementor-widget elementor-widget-heading\" data-id=\"9127495\" data-element_type=\"widget\" data-widget_type=\"heading.default\">\n\t\t\t\t\t<h2 class=\"elementor-heading-title elementor-size-default\">CLASSIQUE<\/h2>\t\t\t\t<\/div>\n\t\t\t\t<div class=\"elementor-element elementor-element-967a34f elementor-widget elementor-widget-heading\" data-id=\"967a34f\" data-element_type=\"widget\" data-widget_type=\"heading.default\">\n\t\t\t\t\t<h2 class=\"elementor-heading-title elementor-size-default\">320\u20ac\/Mois<\/h2>\t\t\t\t<\/div>\n\t\t\t\t<div class=\"elementor-element elementor-element-47c0bf9 elementor-widget elementor-widget-text-editor\" data-id=\"47c0bf9\" data-element_type=\"widget\" data-widget_type=\"text-editor.default\">\n\t\t\t\t\t\t\t\t\t<p>-Acc\u00e8s illimit\u00e9 \u00e0 votre salle de sport<br>-Terrain de BasketBall<br>-Hammam<br>-Vestiaires<br>-Piscine<\/p>\t\t\t\t\t\t\t\t<\/div>\n\t\t\t\t<\/div>\n\t\t<div class=\"elementor-element elementor-element-38442e9 e-con-full e-flex e-con e-child\" data-id=\"38442e9\" data-element_type=\"container\">\n\t\t\t\t<div class=\"elementor-element elementor-element-d577fff elementor-widget elementor-widget-heading\" data-id=\"d577fff\" data-element_type=\"widget\" data-widget_type=\"heading.default\">\n\t\t\t\t\t<h2 class=\"elementor-heading-title elementor-size-default\">PREMIUM<\/h2>\t\t\t\t<\/div>\n\t\t\t\t<div class=\"elementor-element elementor-element-7c3003b elementor-widget elementor-widget-heading\" data-id=\"7c3003b\" data-element_type=\"widget\" data-widget_type=\"heading.default\">\n\t\t\t\t\t<h2 class=\"elementor-heading-title elementor-size-default\">435\u20ac\/Mois<\/h2>\t\t\t\t<\/div>\n\t\t\t\t<div class=\"elementor-element elementor-element-9be538d elementor-widget elementor-widget-text-editor\" data-id=\"9be538d\" data-element_type=\"widget\" data-widget_type=\"text-editor.default\">\n\t\t\t\t\t\t\t\t\t<p>-Acc\u00e8s \u00e0 toutes les salles du pays<br \/>-Premi\u00e8re s\u00e9ance de spa, pilates, yoga et coaching gratuite<br \/>-Tous les avantages de la formule classique<\/p>\t\t\t\t\t\t\t\t<\/div>\n\t\t\t\t<\/div>\n\t\t<div class=\"elementor-element elementor-element-2047f3a e-con-full e-flex e-con e-child\" data-id=\"2047f3a\" data-element_type=\"container\">\n\t\t\t\t<div class=\"elementor-element elementor-element-162e596 elementor-widget elementor-widget-heading\" data-id=\"162e596\" data-element_type=\"widget\" data-widget_type=\"heading.default\">\n\t\t\t\t\t<h2 class=\"elementor-heading-title elementor-size-default\">\u00c9LITE<\/h2>\t\t\t\t<\/div>\n\t\t\t\t<div class=\"elementor-element elementor-element-a7c4090 elementor-widget elementor-widget-heading\" data-id=\"a7c4090\" data-element_type=\"widget\" data-widget_type=\"heading.default\">\n\t\t\t\t\t<h2 class=\"elementor-heading-title elementor-size-default\">565\u20ac\/Mois<\/h2>\t\t\t\t<\/div>\n\t\t\t\t<div class=\"elementor-element elementor-element-4c767f3 elementor-widget elementor-widget-text-editor\" data-id=\"4c767f3\" data-element_type=\"widget\" data-widget_type=\"text-editor.default\">\n\t\t\t\t\t\t\t\t\t<p>-Acc\u00e8s \u00e0 toutes les salles \u00e0 l&rsquo;international<br \/>-Acc\u00e8s \u00e0 plus de 1000 heures de vid\u00e9os coaching sur notre application<br \/>-S\u00e9ances de spa, pilates, yoga et coaching gratuites<br \/>-Tous les avantages des formules pr\u00e9c\u00e9dentes<\/p>\t\t\t\t\t\t\t\t<\/div>\n\t\t\t\t<\/div>\n\t\t\t\t<div class=\"elementor-element elementor-element-5f09d46 elementor-align-center elementor-widget__width-initial e-transform elementor-widget elementor-widget-button\" data-id=\"5f09d46\" data-element_type=\"widget\" data-settings=\"{&quot;_transform_scale_effect&quot;:{&quot;unit&quot;:&quot;px&quot;,&quot;size&quot;:1.7,&quot;sizes&quot;:[]},&quot;_transform_scale_effect_tablet&quot;:{&quot;unit&quot;:&quot;px&quot;,&quot;size&quot;:&quot;&quot;,&quot;sizes&quot;:[]},&quot;_transform_scale_effect_mobile&quot;:{&quot;unit&quot;:&quot;px&quot;,&quot;size&quot;:&quot;&quot;,&quot;sizes&quot;:[]}}\" data-widget_type=\"button.default\">\n\t\t\t\t\t\t\t\t\t\t<a class=\"elementor-button elementor-button-link elementor-size-sm\" href=\"https:\/\/reynaerts-kilian.icca-reims.fr\/?page_id=29\">\n\t\t\t\t\t\t<span class=\"elementor-button-content-wrapper\">\n\t\t\t\t\t\t\t\t\t<span class=\"elementor-button-text\">S'inscrire<\/span>\n\t\t\t\t\t<\/span>\n\t\t\t\t\t<\/a>\n\t\t\t\t\t\t\t\t<\/div>\n\t\t\t\t\t<\/div>\n\t\t\t\t<\/div>\n\t\t\t\t<\/div>\n\t\t","protected":false},"excerpt":{"rendered":"<p>NOS OFFRES CLASSIQUE 320\u20ac\/Mois -Acc\u00e8s illimit\u00e9 \u00e0 votre salle de sport-Terrain de BasketBall-Hammam-Vestiaires-Piscine PREMIUM 435\u20ac\/Mois -Acc\u00e8s \u00e0 toutes les salles du pays-Premi\u00e8re s\u00e9ance de spa, pilates, yoga et coaching gratuite-Tous les avantages de la formule classique \u00c9LITE 565\u20ac\/Mois -Acc\u00e8s \u00e0 toutes les salles \u00e0 l&rsquo;international-Acc\u00e8s \u00e0 plus de 1000 heures de vid\u00e9os coaching sur notre [&hellip;]<\/p>\n","protected":false},"author":1,"featured_media":0,"parent":0,"menu_order":0,"comment_status":"closed","ping_status":"closed","template":"","meta":{"footnotes":""},"class_list":["post-32","page","type-page","status-publish","hentry"],"_links":{"self":[{"href":"https:\/\/reynaerts-kilian.icca-reims.fr\/index.php?rest_route=\/wp\/v2\/pages\/32","targetHints":{"allow":["GET"]}}],"collection":[{"href":"https:\/\/reynaerts-kilian.icca-reims.fr\/index.php?rest_route=\/wp\/v2\/pages"}],"about":[{"href":"https:\/\/reynaerts-kilian.icca-reims.fr\/index.php?rest_route=\/wp\/v2\/types\/page"}],"author":[{"embeddable":true,"href":"https:\/\/reynaerts-kilian.icca-reims.fr\/index.php?rest_route=\/wp\/v2\/users\/1"}],"replies":[{"embeddable":true,"href":"https:\/\/reynaerts-kilian.icca-reims.fr\/index.php?rest_route=%2Fwp%2Fv2%2Fcomments&post=32"}],"version-history":[{"count":10,"href":"https:\/\/reynaerts-kilian.icca-reims.fr\/index.php?rest_route=\/wp\/v2\/pages\/32\/revisions"}],"predecessor-version":[{"id":282,"href":"https:\/\/reynaerts-kilian.icca-reims.fr\/index.php?rest_route=\/wp\/v2\/pages\/32\/revisions\/282"}],"wp:attachment":[{"href":"https:\/\/reynaerts-kilian.icca-reims.fr\/index.php?rest_route=%2Fwp%2Fv2%2Fmedia&parent=32"}],"curies":[{"name":"wp","href":"https:\/\/api.w.org\/{rel}","templated":true}]}}