{"id":26,"date":"2025-10-21T12:30:10","date_gmt":"2025-10-21T12:30:10","guid":{"rendered":"https:\/\/reynaerts-kilian.icca-reims.fr\/?page_id=26"},"modified":"2025-10-24T08:32:29","modified_gmt":"2025-10-24T08:32:29","slug":"coaching","status":"publish","type":"page","link":"https:\/\/reynaerts-kilian.icca-reims.fr\/?page_id=26","title":{"rendered":"Coaching"},"content":{"rendered":"\t\t<div data-elementor-type=\"wp-page\" data-elementor-id=\"26\" class=\"elementor elementor-26\" data-elementor-post-type=\"page\">\n\t\t\t\t<div class=\"elementor-element elementor-element-8c9089a e-flex e-con-boxed e-con e-parent\" data-id=\"8c9089a\" data-element_type=\"container\" data-settings=\"{&quot;background_background&quot;:&quot;classic&quot;}\">\n\t\t\t\t\t<div class=\"e-con-inner\">\n\t\t\t\t<div class=\"elementor-element elementor-element-aacf0aa elementor-widget elementor-widget-heading\" data-id=\"aacf0aa\" data-element_type=\"widget\" data-widget_type=\"heading.default\">\n\t\t\t\t\t<h2 class=\"elementor-heading-title elementor-size-default\">COACHING<\/h2>\t\t\t\t<\/div>\n\t\t\t\t\t<\/div>\n\t\t\t\t<\/div>\n\t\t<div class=\"elementor-element elementor-element-075ee13 e-flex e-con-boxed e-con e-parent\" data-id=\"075ee13\" data-element_type=\"container\" data-settings=\"{&quot;background_background&quot;:&quot;classic&quot;}\">\n\t\t\t\t\t<div class=\"e-con-inner\">\n\t\t<div class=\"elementor-element elementor-element-709722a e-con-full e-flex e-con e-child\" data-id=\"709722a\" data-element_type=\"container\">\n\t\t\t\t<div class=\"elementor-element elementor-element-ebdb601 elementor-widget elementor-widget-image\" data-id=\"ebdb601\" data-element_type=\"widget\" data-widget_type=\"image.default\">\n\t\t\t\t\t\t\t\t\t\t\t\t\t\t\t<img fetchpriority=\"high\" decoding=\"async\" width=\"500\" height=\"500\" src=\"https:\/\/reynaerts-kilian.icca-reims.fr\/wp-content\/uploads\/florian-coach.png\" class=\"attachment-large size-large wp-image-224\" alt=\"\" srcset=\"https:\/\/reynaerts-kilian.icca-reims.fr\/wp-content\/uploads\/florian-coach.png 500w, https:\/\/reynaerts-kilian.icca-reims.fr\/wp-content\/uploads\/florian-coach-300x300.png 300w, https:\/\/reynaerts-kilian.icca-reims.fr\/wp-content\/uploads\/florian-coach-150x150.png 150w\" sizes=\"(max-width: 500px) 100vw, 500px\" \/>\t\t\t\t\t\t\t\t\t\t\t\t\t\t\t<\/div>\n\t\t\t\t<div class=\"elementor-element elementor-element-50523a8 elementor-widget elementor-widget-heading\" data-id=\"50523a8\" data-element_type=\"widget\" data-widget_type=\"heading.default\">\n\t\t\t\t\t<h2 class=\"elementor-heading-title elementor-size-default\">AYMERIC<\/h2>\t\t\t\t<\/div>\n\t\t\t\t<div class=\"elementor-element elementor-element-162eb2c elementor-widget elementor-widget-text-editor\" data-id=\"162eb2c\" data-element_type=\"widget\" data-widget_type=\"text-editor.default\">\n\t\t\t\t\t\t\t\t\t<p>Programmes sp\u00e9cialis\u00e9s dans la perte de poids<\/p>\t\t\t\t\t\t\t\t<\/div>\n\t\t\t\t<\/div>\n\t\t<div class=\"elementor-element elementor-element-136eba3 e-con-full e-flex e-con e-child\" data-id=\"136eba3\" data-element_type=\"container\">\n\t\t\t\t<div class=\"elementor-element elementor-element-49d4113 elementor-widget elementor-widget-image\" data-id=\"49d4113\" data-element_type=\"widget\" data-widget_type=\"image.default\">\n\t\t\t\t\t\t\t\t\t\t\t\t\t\t\t<img decoding=\"async\" width=\"500\" height=\"500\" src=\"https:\/\/reynaerts-kilian.icca-reims.fr\/wp-content\/uploads\/lisacoach2.png\" class=\"attachment-large size-large wp-image-225\" alt=\"\" srcset=\"https:\/\/reynaerts-kilian.icca-reims.fr\/wp-content\/uploads\/lisacoach2.png 500w, https:\/\/reynaerts-kilian.icca-reims.fr\/wp-content\/uploads\/lisacoach2-300x300.png 300w, https:\/\/reynaerts-kilian.icca-reims.fr\/wp-content\/uploads\/lisacoach2-150x150.png 150w\" sizes=\"(max-width: 500px) 100vw, 500px\" \/>\t\t\t\t\t\t\t\t\t\t\t\t\t\t\t<\/div>\n\t\t\t\t<div class=\"elementor-element elementor-element-78bef1d elementor-widget elementor-widget-heading\" data-id=\"78bef1d\" data-element_type=\"widget\" data-widget_type=\"heading.default\">\n\t\t\t\t\t<h2 class=\"elementor-heading-title elementor-size-default\">LISA<\/h2>\t\t\t\t<\/div>\n\t\t\t\t<div class=\"elementor-element elementor-element-b0f3af8 elementor-widget elementor-widget-text-editor\" data-id=\"b0f3af8\" data-element_type=\"widget\" data-widget_type=\"text-editor.default\">\n\t\t\t\t\t\t\t\t\t<p>Programmes sp\u00e9cialis\u00e9s dans la prise de muscle<\/p>\t\t\t\t\t\t\t\t<\/div>\n\t\t\t\t<\/div>\n\t\t<div class=\"elementor-element elementor-element-4ef1842 e-con-full e-flex e-con e-child\" data-id=\"4ef1842\" data-element_type=\"container\">\n\t\t\t\t<div class=\"elementor-element elementor-element-54fb869 elementor-widget elementor-widget-image\" data-id=\"54fb869\" data-element_type=\"widget\" data-widget_type=\"image.default\">\n\t\t\t\t\t\t\t\t\t\t\t\t\t\t\t<img decoding=\"async\" width=\"500\" height=\"500\" src=\"https:\/\/reynaerts-kilian.icca-reims.fr\/wp-content\/uploads\/jeremcoach.png\" class=\"attachment-large size-large wp-image-226\" alt=\"\" srcset=\"https:\/\/reynaerts-kilian.icca-reims.fr\/wp-content\/uploads\/jeremcoach.png 500w, https:\/\/reynaerts-kilian.icca-reims.fr\/wp-content\/uploads\/jeremcoach-300x300.png 300w, https:\/\/reynaerts-kilian.icca-reims.fr\/wp-content\/uploads\/jeremcoach-150x150.png 150w\" sizes=\"(max-width: 500px) 100vw, 500px\" \/>\t\t\t\t\t\t\t\t\t\t\t\t\t\t\t<\/div>\n\t\t\t\t<div class=\"elementor-element elementor-element-f40a644 elementor-widget elementor-widget-heading\" data-id=\"f40a644\" data-element_type=\"widget\" data-widget_type=\"heading.default\">\n\t\t\t\t\t<h2 class=\"elementor-heading-title elementor-size-default\">J\u00c9R\u00c9MY<\/h2>\t\t\t\t<\/div>\n\t\t\t\t<div class=\"elementor-element elementor-element-cd8a03c elementor-widget elementor-widget-text-editor\" data-id=\"cd8a03c\" data-element_type=\"widget\" data-widget_type=\"text-editor.default\">\n\t\t\t\t\t\t\t\t\t<p>Programmes sp\u00e9cialis\u00e9s pour les pro et semi-pro<\/p>\t\t\t\t\t\t\t\t<\/div>\n\t\t\t\t<\/div>\n\t\t\t\t\t<\/div>\n\t\t\t\t<\/div>\n\t\t\t\t<\/div>\n\t\t","protected":false},"excerpt":{"rendered":"<p>COACHING AYMERIC Programmes sp\u00e9cialis\u00e9s dans la perte de poids LISA Programmes sp\u00e9cialis\u00e9s dans la prise de muscle J\u00c9R\u00c9MY Programmes sp\u00e9cialis\u00e9s pour les pro et semi-pro<\/p>\n","protected":false},"author":1,"featured_media":0,"parent":0,"menu_order":0,"comment_status":"closed","ping_status":"closed","template":"","meta":{"footnotes":""},"class_list":["post-26","page","type-page","status-publish","hentry"],"_links":{"self":[{"href":"https:\/\/reynaerts-kilian.icca-reims.fr\/index.php?rest_route=\/wp\/v2\/pages\/26","targetHints":{"allow":["GET"]}}],"collection":[{"href":"https:\/\/reynaerts-kilian.icca-reims.fr\/index.php?rest_route=\/wp\/v2\/pages"}],"about":[{"href":"https:\/\/reynaerts-kilian.icca-reims.fr\/index.php?rest_route=\/wp\/v2\/types\/page"}],"author":[{"embeddable":true,"href":"https:\/\/reynaerts-kilian.icca-reims.fr\/index.php?rest_route=\/wp\/v2\/users\/1"}],"replies":[{"embeddable":true,"href":"https:\/\/reynaerts-kilian.icca-reims.fr\/index.php?rest_route=%2Fwp%2Fv2%2Fcomments&post=26"}],"version-history":[{"count":8,"href":"https:\/\/reynaerts-kilian.icca-reims.fr\/index.php?rest_route=\/wp\/v2\/pages\/26\/revisions"}],"predecessor-version":[{"id":291,"href":"https:\/\/reynaerts-kilian.icca-reims.fr\/index.php?rest_route=\/wp\/v2\/pages\/26\/revisions\/291"}],"wp:attachment":[{"href":"https:\/\/reynaerts-kilian.icca-reims.fr\/index.php?rest_route=%2Fwp%2Fv2%2Fmedia&parent=26"}],"curies":[{"name":"wp","href":"https:\/\/api.w.org\/{rel}","templated":true}]}}